{"id":168,"date":"2025-11-12T16:52:26","date_gmt":"2025-11-12T07:52:26","guid":{"rendered":"https:\/\/www.aikitec.co.jp\/recruit-site\/?page_id=168"},"modified":"2025-11-28T10:22:28","modified_gmt":"2025-11-28T01:22:28","slug":"contact","status":"publish","type":"page","link":"https:\/\/www.aikitec.co.jp\/recruit-site\/contact\/","title":{"rendered":"\u30a8\u30f3\u30c8\u30ea\u30fc"},"content":{"rendered":"\n<div class=\"swell-block-fullWide pc-py-20 sp-py-20 alignfull infoArea\"><div class=\"swell-block-fullWide__inner l-article\">\n<p class=\"has-text-align-left u-mb-ctrl u-mb-40 animated fadeInUp\">\u4e0b\u8a18\u5165\u529b\u30d5\u30a9\u30fc\u30e0\u306b\u5fc5\u8981\u4e8b\u9805\u3092\u3054\u8a18\u5165\u306e\u3046\u3048\u3001\u300e\u9001\u4fe1\u3059\u308b\u300f\u30dc\u30bf\u30f3\u3092\u30af\u30ea\u30c3\u30af\u3057\u3066\u304f\u3060\u3055\u3044\u3002<br>\u81ea\u52d5\u51e6\u7406\u3067\u8fd4\u4fe1\u30e1\u30fc\u30eb\u3092\u304a\u9001\u308a\u3044\u305f\u3057\u307e\u3059\u3002<br>\u5f8c\u307b\u3069\u3001\u30e1\u30fc\u30eb\u307e\u305f\u306f\u304a\u96fb\u8a71\u3067\u6298\u308a\u8fd4\u3057\u3054\u9023\u7d61\u3055\u305b\u3066\u9802\u304d\u307e\u3059\u3002<br><strong>1\u9031\u9593\u307b\u3069\u7d4c\u904e\u3057\u3066\u3082\u5f53\u793e\u304b\u3089\u306e\u9023\u7d61\u304c\u306a\u3044\u5834\u5408\u3001\u30e1\u30fc\u30eb\u304c\u5c4a\u3044\u3066\u3044\u306a\u3044\u53ef\u80fd\u6027\u304c\u3054\u3056\u3044\u307e\u3059\u306e\u3067\u3001\u5927\u5909\u304a\u624b\u6570\u3067\u3059\u304c\u304a\u96fb\u8a71\u306b\u3066\u3054\u9023\u7d61\u3044\u305f\u3060\u3051\u307e\u3059\u3088\u3046\u304a\u9858\u3044\u7533\u3057\u4e0a\u3052\u307e\u3059\u3002<\/strong><\/p>\n<\/div><\/div>\n\n\n\n<div class=\"swell-block-fullWide pc-py-40 sp-py-20 alignfull formArea\" style=\"background-color:#f5f5f5\"><div class=\"swell-block-fullWide__inner l-article\">\n<div class=\"wp-block-contact-form-7-contact-form-selector\">\n<div class=\"wpcf7 no-js\" id=\"wpcf7-f8-o1\" lang=\"ja\" dir=\"ltr\" data-wpcf7-id=\"8\">\n<div class=\"screen-reader-response\"><p role=\"status\" aria-live=\"polite\" aria-atomic=\"true\"><\/p> <ul><\/ul><\/div>\n<script type=\"text\/javascript\" charset=\"UTF-8\" src=\"https:\/\/zipaddr.github.io\/zipaddrx.js?v=1.41\"><\/script><script type=\"text\/javascript\" charset=\"UTF-8\">function zipaddr_ownb(){ZP.dli='-';ZP.wp='1';ZP.uver='77189.12670';ZP.sysid='ContactForm7';}<\/script><script type=\"text\/javascript\" charset=\"UTF-8\" src=\"https:\/\/zipaddr.github.io\/contactform7.js\"><\/script><form action=\"\/recruit-site\/wp-json\/wp\/v2\/pages\/168#wpcf7-f8-o1\" method=\"post\" class=\"wpcf7-form init\" aria-label=\"\u30b3\u30f3\u30bf\u30af\u30c8\u30d5\u30a9\u30fc\u30e0\" novalidate=\"novalidate\" data-status=\"init\">\n<fieldset class=\"hidden-fields-container\"><input type=\"hidden\" name=\"_wpcf7\" value=\"8\" \/><input type=\"hidden\" name=\"_wpcf7_version\" value=\"6.1.3\" \/><input type=\"hidden\" name=\"_wpcf7_locale\" value=\"ja\" \/><input type=\"hidden\" name=\"_wpcf7_unit_tag\" value=\"wpcf7-f8-o1\" \/><input type=\"hidden\" name=\"_wpcf7_container_post\" value=\"0\" \/><input type=\"hidden\" name=\"_wpcf7_posted_data_hash\" value=\"\" \/><input type=\"hidden\" name=\"_wpcf7_recaptcha_response\" value=\"\" \/>\n<\/fieldset>\n<div id=\"cf-tbl\">\n\t<h3>\u5e0c\u671b\u8077\u7a2e\n\t<\/h3>\n\t<table>\n\t\t<tbody>\n\t\t\t<tr>\n\t\t\t\t<th>\n\t\t\t\t\t<p><span class=\"required\">\u5fc5\u9808<\/span>\u5e0c\u671b\u8077\u7a2e\n\t\t\t\t\t<\/p>\n\t\t\t\t<\/th>\n\t\t\t\t<td>\n\t\t\t\t\t<p><span class=\"wpcf7-form-control-wrap\" data-name=\"occupation\"><input size=\"40\" maxlength=\"400\" class=\"wpcf7-form-control wpcf7-text wpcf7-validates-as-required\" aria-required=\"true\" aria-invalid=\"false\" placeholder=\"\u4f8b\uff1a\u6280\u8853\u7cfb\u7dcf\u5408\u8077\" value=\"\" type=\"text\" name=\"occupation\" \/><\/span>\n\t\t\t\t\t<\/p>\n\t\t\t\t<\/td>\n\t\t\t<\/tr>\n\t\t<\/tbody>\n\t<\/table>\n\t<h3>\u5fdc\u52df\u8005\u57fa\u672c\u60c5\u5831\n\t<\/h3>\n\t<table>\n\t\t<tbody>\n\t\t\t<tr>\n\t\t\t\t<th>\n\t\t\t\t\t<p><span class=\"required\">\u5fc5\u9808<\/span>\u7a2e\u985e\n\t\t\t\t\t<\/p>\n\t\t\t\t<\/th>\n\t\t\t\t<td>\n\t\t\t\t\t<p><span class=\"wpcf7-form-control-wrap\" data-name=\"recruitment-type\"><select class=\"wpcf7-form-control wpcf7-select wpcf7-validates-as-required\" aria-required=\"true\" aria-invalid=\"false\" name=\"recruitment-type\"><option value=\"\">&#8212;\u4ee5\u4e0b\u304b\u3089\u9078\u629e\u3057\u3066\u304f\u3060\u3055\u3044&#8212;<\/option><option value=\"\u65b0\u5352\u63a1\u7528\uff08\u9662\u5352\u30fb\u5927\u5b66\u30fb\u5c02\u9580\uff09\">\u65b0\u5352\u63a1\u7528\uff08\u9662\u5352\u30fb\u5927\u5b66\u30fb\u5c02\u9580\uff09<\/option><\/select><\/span>\n\t\t\t\t\t<\/p>\n\t\t\t\t<\/td>\n\t\t\t<\/tr>\n\t\t\t<tr>\n\t\t\t\t<th>\n\t\t\t\t\t<p><span class=\"required\">\u5fc5\u9808<\/span>\u540d\u524d\n\t\t\t\t\t<\/p>\n\t\t\t\t<\/th>\n\t\t\t\t<td>\n\t\t\t\t\t<p><span class=\"wpcf7-form-control-wrap\" data-name=\"your-name\"><input size=\"40\" maxlength=\"400\" class=\"wpcf7-form-control wpcf7-text wpcf7-validates-as-required\" aria-required=\"true\" aria-invalid=\"false\" placeholder=\"\u4f8b\uff1a\u5c71\u7530\u3000\u592a\u90ce\" value=\"\" type=\"text\" name=\"your-name\" \/><\/span>\n\t\t\t\t\t<\/p>\n\t\t\t\t<\/td>\n\t\t\t<\/tr>\n\t\t\t<tr>\n\t\t\t\t<th>\n\t\t\t\t\t<p><span class=\"required\">\u5fc5\u9808<\/span>\u30d5\u30ea\u30ac\u30ca\n\t\t\t\t\t<\/p>\n\t\t\t\t<\/th>\n\t\t\t\t<td>\n\t\t\t\t\t<p><span class=\"wpcf7-form-control-wrap\" data-name=\"your-name2\"><input size=\"40\" maxlength=\"400\" class=\"wpcf7-form-control wpcf7-text wpcf7-validates-as-required\" aria-required=\"true\" aria-invalid=\"false\" placeholder=\"\u4f8b\uff1a\u30e4\u30de\u30c0\u3000\u30bf\u30ed\u30a6\" value=\"\" type=\"text\" name=\"your-name2\" \/><\/span>\n\t\t\t\t\t<\/p>\n\t\t\t\t<\/td>\n\t\t\t<\/tr>\n\t\t\t<tr>\n\t\t\t\t<th>\n\t\t\t\t\t<p><span class=\"required\">\u5fc5\u9808<\/span>\u6027\u5225\n\t\t\t\t\t<\/p>\n\t\t\t\t<\/th>\n\t\t\t\t<td>\n\t\t\t\t\t<p><span class=\"wpcf7-form-control-wrap\" data-name=\"gender\"><span class=\"wpcf7-form-control wpcf7-radio\"><span class=\"wpcf7-list-item first\"><label><input type=\"radio\" name=\"gender\" value=\"\u7537\u6027\" \/><span class=\"wpcf7-list-item-label\">\u7537\u6027<\/span><\/label><\/span><span class=\"wpcf7-list-item last\"><label><input type=\"radio\" name=\"gender\" value=\"\u5973\u6027\" \/><span class=\"wpcf7-list-item-label\">\u5973\u6027<\/span><\/label><\/span><\/span><\/span>\n\t\t\t\t\t<\/p>\n\t\t\t\t<\/td>\n\t\t\t<\/tr>\n\t\t\t<tr>\n\t\t\t\t<th>\n\t\t\t\t\t<p><span class=\"required\">\u5fc5\u9808<\/span>\u751f\u5e74\u6708\u65e5\n\t\t\t\t\t<\/p>\n\t\t\t\t<\/th>\n\t\t\t\t<td>\n\t\t\t\t\t<p><span class=\"wpcf7-form-control-wrap\" data-name=\"birth\"><input class=\"wpcf7-form-control wpcf7-date wpcf7-validates-as-required wpcf7-validates-as-date\" aria-required=\"true\" aria-invalid=\"false\" value=\"\" type=\"date\" name=\"birth\" \/><\/span>\n\t\t\t\t\t<\/p>\n\t\t\t\t<\/td>\n\t\t\t<\/tr>\n\t\t<\/tbody>\n\t<\/table>\n\t<h3>\u9023\u7d61\u5148\u30e1\u30fc\u30eb\u30a2\u30c9\u30ec\u30b9\n\t<\/h3>\n\t<table>\n\t\t<tbody>\n\t\t\t<tr>\n\t\t\t\t<th>\n\t\t\t\t\t<p><span class=\"required blk\">\u5fc5\u9808<\/span>\u9023\u7d61\u5148\u30e1\u30fc\u30eb\u30a2\u30c9\u30ec\u30b9\n\t\t\t\t\t<\/p>\n\t\t\t\t<\/th>\n\t\t\t\t<td>\n\t\t\t\t\t<p><span class=\"wpcf7-form-control-wrap\" data-name=\"your-email\"><input size=\"40\" maxlength=\"400\" class=\"wpcf7-form-control wpcf7-email wpcf7-validates-as-required wpcf7-text wpcf7-validates-as-email\" aria-required=\"true\" aria-invalid=\"false\" placeholder=\"\u4f8b\uff1a\u00d7\u00d7\u00d7@\u00d7\u00d7\u00d7.com\" value=\"\" type=\"email\" name=\"your-email\" \/><\/span>\n\t\t\t\t\t<\/p>\n\t\t\t\t<\/td>\n\t\t\t<\/tr>\n\t\t\t<tr>\n\t\t\t\t<th>\n\t\t\t\t\t<p>\u9023\u7d61\u5148\u30e1\u30fc\u30eb\u30a2\u30c9\u30ec\u30b92\n\t\t\t\t\t<\/p>\n\t\t\t\t<\/th>\n\t\t\t\t<td>\n\t\t\t\t\t<p><span class=\"wpcf7-form-control-wrap\" data-name=\"your-email2\"><input size=\"40\" maxlength=\"400\" class=\"wpcf7-form-control wpcf7-email wpcf7-text wpcf7-validates-as-email\" aria-invalid=\"false\" placeholder=\"\u4f8b\uff1a\u25cb\u25cb\u25cb@\u25cb\u25cb\u25cb.jp\" value=\"\" type=\"email\" name=\"your-email2\" \/><\/span>\n\t\t\t\t\t<\/p>\n\t\t\t\t<\/td>\n\t\t\t<\/tr>\n\t\t<\/tbody>\n\t<\/table>\n\t<h3>\u4f4f\u6240\u60c5\u5831\n\t<\/h3>\n\t<table>\n\t\t<tbody>\n\t\t\t<tr>\n\t\t\t\t<th>\n\t\t\t\t\t<p><span class=\"required\">\u5fc5\u9808<\/span>\u90f5\u4fbf\u756a\u53f7\n\t\t\t\t\t<\/p>\n\t\t\t\t<\/th>\n\t\t\t\t<td>\n\t\t\t\t\t<p><span class=\"wpcf7-form-control-wrap\" data-name=\"zip\"><input size=\"40\" maxlength=\"400\" class=\"wpcf7-form-control wpcf7-text wpcf7-validates-as-required\" id=\"zip\" aria-required=\"true\" aria-invalid=\"false\" value=\"\" type=\"text\" name=\"zip\" \/><\/span>\n\t\t\t\t\t<\/p>\n\t\t\t\t<\/td>\n\t\t\t<\/tr>\n\t\t\t<tr>\n\t\t\t\t<th>\n\t\t\t\t\t<p><span class=\"required\">\u5fc5\u9808<\/span>\u4f4f\u6240\n\t\t\t\t\t<\/p>\n\t\t\t\t<\/th>\n\t\t\t\t<td>\n\t\t\t\t\t<p><span class=\"wpcf7-form-control-wrap\" data-name=\"addr\"><input size=\"40\" maxlength=\"400\" class=\"wpcf7-form-control wpcf7-text wpcf7-validates-as-required\" id=\"addr\" aria-required=\"true\" aria-invalid=\"false\" value=\"\" type=\"text\" name=\"addr\" \/><\/span>\n\t\t\t\t\t<\/p>\n\t\t\t\t<\/td>\n\t\t\t<\/tr>\n\t\t\t<tr>\n\t\t\t\t<th>\n\t\t\t\t\t<p><span class=\"required blk\">\u5fc5\u9808<\/span>\u65e5\u4e2d\u306b\u9023\u7d61\u304c\u3068\u308c\u308b\u96fb\u8a71\u756a\u53f7\n\t\t\t\t\t<\/p>\n\t\t\t\t<\/th>\n\t\t\t\t<td>\n\t\t\t\t\t<p><span class=\"wpcf7-form-control-wrap\" data-name=\"tel\"><input size=\"40\" maxlength=\"400\" class=\"wpcf7-form-control wpcf7-tel wpcf7-validates-as-required wpcf7-text wpcf7-validates-as-tel\" aria-required=\"true\" aria-invalid=\"false\" placeholder=\"\u4f8b\uff1a03-1234-5678\" value=\"\" type=\"tel\" name=\"tel\" \/><\/span>\n\t\t\t\t\t<\/p>\n\t\t\t\t<\/td>\n\t\t\t<\/tr>\n\t\t<\/tbody>\n\t<\/table>\n\t<h3>\u6700\u7d42\u5b66\u6b74\uff08\u65b0\u5352\u63a1\u7528\u306e\u307f\u5fc5\u9808\uff09\n\t<\/h3>\n\t<table>\n\t\t<tbody>\n\t\t\t<tr>\n\t\t\t\t<th>\n\t\t\t\t\t<p>\u5b66\u6821\u540d\n\t\t\t\t\t<\/p>\n\t\t\t\t<\/th>\n\t\t\t\t<td>\n\t\t\t\t\t<p><span class=\"wpcf7-form-control-wrap\" data-name=\"school-name\"><input size=\"40\" maxlength=\"400\" class=\"wpcf7-form-control wpcf7-text\" aria-invalid=\"false\" placeholder=\"\u4f8b\uff1a\u25cb\u25cb\u5927\u5b66\" value=\"\" type=\"text\" name=\"school-name\" \/><\/span>\n\t\t\t\t\t<\/p>\n\t\t\t\t<\/td>\n\t\t\t<\/tr>\n\t\t\t<tr>\n\t\t\t\t<th>\n\t\t\t\t\t<p>\u5b66\u90e8\u540d\n\t\t\t\t\t<\/p>\n\t\t\t\t<\/th>\n\t\t\t\t<td>\n\t\t\t\t\t<p><span class=\"wpcf7-form-control-wrap\" data-name=\"faculty-name\"><input size=\"40\" maxlength=\"400\" class=\"wpcf7-form-control wpcf7-text\" aria-invalid=\"false\" placeholder=\"\u4f8b\uff1a\u00d7\u00d7\u5b66\u90e8\" value=\"\" type=\"text\" name=\"faculty-name\" \/><\/span>\n\t\t\t\t\t<\/p>\n\t\t\t\t<\/td>\n\t\t\t<\/tr>\n\t\t\t<tr>\n\t\t\t\t<th>\n\t\t\t\t\t<p>\u5b66\u79d1\u540d\n\t\t\t\t\t<\/p>\n\t\t\t\t<\/th>\n\t\t\t\t<td>\n\t\t\t\t\t<p><span class=\"wpcf7-form-control-wrap\" data-name=\"department-name\"><input size=\"40\" maxlength=\"400\" class=\"wpcf7-form-control wpcf7-text\" aria-invalid=\"false\" placeholder=\"\u4f8b\uff1a\u25b3\u25b3\u5b66\u79d1\" value=\"\" type=\"text\" name=\"department-name\" \/><\/span>\n\t\t\t\t\t<\/p>\n\t\t\t\t<\/td>\n\t\t\t<\/tr>\n\t\t\t<tr>\n\t\t\t\t<th>\n\t\t\t\t\t<p>\u5352\u696d\uff08\u4e88\u5b9a\uff09\u5e74\u6708\n\t\t\t\t\t<\/p>\n\t\t\t\t<\/th>\n\t\t\t\t<td>\n\t\t\t\t\t<p><span class=\"wpcf7-form-control-wrap\" data-name=\"graduation-date\"><input class=\"wpcf7-form-control wpcf7-date wpcf7-validates-as-date\" aria-invalid=\"false\" value=\"\" type=\"date\" name=\"graduation-date\" \/><\/span>\n\t\t\t\t\t<\/p>\n\t\t\t\t<\/td>\n\t\t\t<\/tr>\n\t\t<\/tbody>\n\t<\/table>\n\t<h3>\u30a2\u30f3\u30b1\u30fc\u30c8\n\t<\/h3>\n\t<table>\n\t\t<tbody>\n\t\t\t<tr>\n\t\t\t\t<th>\n\t\t\t\t\t<p><span class=\"required blk\">\u5fc5\u9808<\/span>\u5f53\u793e\u3092\u77e5\u3063\u305f\u304d\u3063\u304b\u3051\n\t\t\t\t\t<\/p>\n\t\t\t\t<\/th>\n\t\t\t\t<td>\n\t\t\t\t\t<p><span class=\"wpcf7-form-control-wrap\" data-name=\"learned\"><select class=\"wpcf7-form-control wpcf7-select wpcf7-validates-as-required\" aria-required=\"true\" aria-invalid=\"false\" name=\"learned\"><option value=\"\">&#8212;\u4ee5\u4e0b\u304b\u3089\u9078\u629e\u3057\u3066\u304f\u3060\u3055\u3044&#8212;<\/option><option value=\"\u5b66\u5185\u4f01\u696d\u8aac\u660e\u4f1a\">\u5b66\u5185\u4f01\u696d\u8aac\u660e\u4f1a<\/option><option value=\"\u30de\u30a4\u30ca\u30d3\">\u30de\u30a4\u30ca\u30d3<\/option><option value=\"\u77e5\u4eba\u304b\u3089\u306e\u7d39\u4ecb\">\u77e5\u4eba\u304b\u3089\u306e\u7d39\u4ecb<\/option><option value=\"\u305d\u306e\u4ed6\">\u305d\u306e\u4ed6<\/option><\/select><\/span>\n\t\t\t\t\t<\/p>\n\t\t\t\t<\/td>\n\t\t\t<\/tr>\n\t\t\t<tr>\n\t\t\t\t<th>\n\t\t\t\t\t<p>\u305d\u306e\u4ed6\u3092\u9078\u629e\u3057\u305f\u5834\u5408\u3001\u5177\u4f53\u7684\u306b\u3054\u8a18\u5165\u304f\u3060\u3055\u3044\u3002\n\t\t\t\t\t<\/p>\n\t\t\t\t<\/th>\n\t\t\t\t<td>\n\t\t\t\t\t<p><span class=\"wpcf7-form-control-wrap\" data-name=\"other-learned\"><textarea cols=\"40\" rows=\"10\" maxlength=\"2000\" class=\"wpcf7-form-control wpcf7-textarea\" aria-invalid=\"false\" name=\"other-learned\"><\/textarea><\/span>\n\t\t\t\t\t<\/p>\n\t\t\t\t<\/td>\n\t\t\t<\/tr>\n\t\t<\/tbody>\n\t<\/table>\n\t<table>\n\t\t<tbody>\n\t\t\t<tr>\n\t\t\t\t<th>\n\t\t\t\t\t<p>\u5099\u8003\u6b04\n\t\t\t\t\t<\/p>\n\t\t\t\t<\/th>\n\t\t\t\t<td>\n\t\t\t\t\t<p><span class=\"wpcf7-form-control-wrap\" data-name=\"your-message\"><textarea cols=\"40\" rows=\"10\" maxlength=\"2000\" class=\"wpcf7-form-control wpcf7-textarea\" aria-invalid=\"false\" placeholder=\"\u3054\u610f\u898b\u3084\u3054\u8cea\u554f\u306a\u3069\u3042\u308c\u3070\u3054\u8a18\u5165\u304f\u3060\u3055\u3044\u3002\u8aac\u660e\u4f1a\u306e\u5e0c\u671b\u65e5\u7a0b\u304c\u3054\u3056\u3044\u307e\u3057\u305f\u3089\u3053\u3061\u3089\u3078\u3054\u8a18\u5165\u304f\u3060\u3055\u3044\u3002\" name=\"your-message\"><\/textarea><\/span>\n\t\t\t\t\t<\/p>\n\t\t\t\t<\/td>\n\t\t\t<\/tr>\n\t\t<\/tbody>\n\t<\/table>\n<\/div>\n<p><span class=\"wpcf7-form-control-wrap\" data-name=\"acceptance-130\"><span class=\"wpcf7-form-control wpcf7-acceptance\"><span class=\"wpcf7-list-item\"><label><input type=\"checkbox\" name=\"acceptance-130\" value=\"1\" aria-invalid=\"false\" \/><span class=\"wpcf7-list-item-label\"><a href=\"\/privacy\" target=\"_blank\" class=\"pp_btn\">\u30d7\u30e9\u30a4\u30d0\u30b7\u30fc\u30dd\u30ea\u30b7\u30fc<\/a>\u306b\u540c\u610f\u3057\u307e\u3059<\/span><\/label><\/span><\/span><\/span>\n<\/p>\n<p><input class=\"wpcf7-form-control wpcf7-submit has-spinner\" type=\"submit\" value=\"\u9001\u4fe1\u3059\u308b\" \/>\n<\/p><div class=\"wpcf7-response-output\" aria-hidden=\"true\"><\/div>\n<\/form>\n<\/div>\n<\/div>\n<\/div><\/div>\n","protected":false},"excerpt":{"rendered":"","protected":false},"author":1,"featured_media":0,"parent":0,"menu_order":0,"comment_status":"closed","ping_status":"closed","template":"","meta":{"inline_featured_image":false,"swell_btn_cv_data":"","footnotes":""},"class_list":["post-168","page","type-page","status-publish","hentry"],"aioseo_notices":[],"_links":{"self":[{"href":"https:\/\/www.aikitec.co.jp\/recruit-site\/wp-json\/wp\/v2\/pages\/168","targetHints":{"allow":["GET"]}}],"collection":[{"href":"https:\/\/www.aikitec.co.jp\/recruit-site\/wp-json\/wp\/v2\/pages"}],"about":[{"href":"https:\/\/www.aikitec.co.jp\/recruit-site\/wp-json\/wp\/v2\/types\/page"}],"author":[{"embeddable":true,"href":"https:\/\/www.aikitec.co.jp\/recruit-site\/wp-json\/wp\/v2\/users\/1"}],"replies":[{"embeddable":true,"href":"https:\/\/www.aikitec.co.jp\/recruit-site\/wp-json\/wp\/v2\/comments?post=168"}],"version-history":[{"count":4,"href":"https:\/\/www.aikitec.co.jp\/recruit-site\/wp-json\/wp\/v2\/pages\/168\/revisions"}],"predecessor-version":[{"id":1143,"href":"https:\/\/www.aikitec.co.jp\/recruit-site\/wp-json\/wp\/v2\/pages\/168\/revisions\/1143"}],"wp:attachment":[{"href":"https:\/\/www.aikitec.co.jp\/recruit-site\/wp-json\/wp\/v2\/media?parent=168"}],"curies":[{"name":"wp","href":"https:\/\/api.w.org\/{rel}","templated":true}]}}